{"id":3,"date":"2020-04-28T08:24:40","date_gmt":"2020-04-28T08:24:40","guid":{"rendered":"https:\/\/lucia.klatil.at\/?page_id=3"},"modified":"2020-04-29T12:56:39","modified_gmt":"2020-04-29T10:56:39","slug":"privacy-policy","status":"publish","type":"page","link":"https:\/\/lucia.klatil.at\/?page_id=3","title":{"rendered":"Datenschutz"},"content":{"rendered":"\n<p class=\"has-small-font-size\"><a href=\"javascript:history.back()\">zur\u00fcck<\/a> oder <a href=\"https:\/\/lucia.klatil.at\"><em>zur Startseite<\/em><\/a><\/p>\n\n\n\n<p class=\"has-small-font-size\">Dieser Webauftritt verwendet Cookies. Mit der Verwendung der Website, stimmen Sie der Verwendung und Speicherung von Cookies zu. N\u00e4here Informationen dazu und zu Ihren Rechten als Benutzer finden Sie mit einem Klick auf &#8222;Datenschutzerkl\u00e4rung&#8220; ein St\u00fcck weiter unten. Gegebenenfalls vorhandene Links zu externen Webauftritten, k\u00f6nnen m\u00f6glicherweise ebenfalls Cookies verwenden und speichern, Informationen dazu finden Sie bei den Betreibern der jeweiligen Webauftritte. Schlie\u00dfen Sie diese Webseite, wenn Sie der Verwendung von Cookies nicht zustimmen.<\/p>\n\n\n\n<p class=\"has-small-font-size\"><strong>Datenschutzerkl\u00e4rung &#8211; lucia.klatil.at<\/strong><\/p>\n\n\n\n<p class=\"has-small-font-size\">Wir freuen uns \u00fcber Ihr Interesse an unseren Websiten. Der Schutz Ihrer Privatsph\u00e4re ist f\u00fcr uns sehr wichtig. Nachstehend informieren wir Sie ausf\u00fchrlich \u00fcber den Umgang mit Ihren Daten.<\/p>\n\n\n\n<p class=\"has-small-font-size\"><strong>Speicherung von Zugriffsdaten in Server-Logfiles<\/strong><\/p>\n\n\n\n<p class=\"has-small-font-size\">Sie k\u00f6nnen unsere Webseiten besuchen, ohne Angaben zu Ihrer Person zu machen. Wir speichern lediglich Zugriffsdaten in sogenannten Server-Logfiles, wie z.B. den Namen der angeforderten Datei, Datum und Uhrzeit des Abrufs, \u00fcbertragene Datenmenge und den anfragenden Provider. Diese Daten werden ausschlie\u00dflich zur Sicherstellung eines st\u00f6rungsfreien Betriebs der Seite und zur Verbesserung unseres Angebots ausgewertet und erlauben uns keinen R\u00fcckschluss auf Ihre Person.<\/p>\n\n\n\n<p class=\"has-small-font-size\"><strong>Datenerhebung und -verwendung<\/strong><\/p>\n\n\n\n<p class=\"has-small-font-size\">Wir erheben personenbezogene Daten, wenn Sie uns diese bei einer Kontaktaufnahme mit uns (z.B. per Kontaktformular oder E-Mail oder pers\u00f6nlich) freiwillig mitteilen. Welche Daten erhoben werden, ist aus den jeweiligen Eingabeformularen ersichtlich. Wir verwenden die von Ihnen mitgeteilten Daten zur Bearbeitung Ihrer Anfragen.&nbsp;<\/p>\n\n\n\n<p class=\"has-small-font-size\"><strong>Datenweitergabe an &#8222;Dritte&#8220;<\/strong><\/p>\n\n\n\n<p class=\"has-small-font-size\">Wir geben wissentlich keine personenbezogene Daten an Dritte weiter, au\u00dfer Sie erlauben uns das ausdr\u00fccklich (schriftlich). Es gelten dann die Datenschutzerkl\u00e4rungen der jeweiligen &#8222;Dritten&#8220;.<\/p>\n\n\n\n<p class=\"has-small-font-size\"><strong>Datenverwendung bei Anmeldung zum E-Mail-Newsletter<\/strong><\/p>\n\n\n\n<p class=\"has-small-font-size\">Wenn Sie sich zu unserem Newsletter anmelden, verwenden wir die hierf\u00fcr erforderlichen oder gesondert von Ihnen mitgeteilten Daten, um Ihnen regelm\u00e4\u00dfig unseren E-Mail-Newsletter entsprechend Ihrer Einwilligung zuzusenden. Die Abmeldung vom Newsletter ist jederzeit kostenfrei m\u00f6glich und kann entweder durch eine Nachricht an die unten beschriebene Kontaktm\u00f6glichkeit oder \u00fcber einen daf\u00fcr vorgesehenen Link im Newsletter jederzeit erfolgen.<\/p>\n\n\n\n<p class=\"has-small-font-size\"><strong>Verwendung von Cookies<\/strong><\/p>\n\n\n\n<p class=\"has-small-font-size\">Um den Besuch unserer Website attraktiv zu gestalten und die Nutzung bestimmter Funktionen zu erm\u00f6glichen, verwenden wir auf verschiedenen Seiten sogenannte Cookies. Hierbei handelt es sich um kleine Textdateien, die auf Ihrem Endger\u00e4t gespeichert werden. Einige der von uns verwendeten Cookies werden nach Ende der Browser-Sitzung, also nach Schlie\u00dfen Ihres Browsers, wieder gel\u00f6scht (sog. Sitzungs-Cookies). Andere Cookies verbleiben auf Ihrem Endger\u00e4t und erm\u00f6glichen uns, Ihren Browser beim n\u00e4chsten Besuch wiederzuerkennen (persistente Cookies). Sie k\u00f6nnen Ihren Browser so einstellen, dass Sie \u00fcber das Setzen von Cookies informiert werden und einzeln \u00fcber deren Annahme entscheiden oder die Annahme von Cookies f\u00fcr bestimmte F\u00e4lle oder generell ausschlie\u00dfen. Bei der Nichtannahme von Cookies kann die Funktionalit\u00e4t unserer Website eingeschr\u00e4nkt sein.<\/p>\n\n\n\n<p class=\"has-small-font-size\"><strong>Webanalyse mit Google Analytics<\/strong><\/p>\n\n\n\n<p class=\"has-small-font-size\">Diese Website benutzt Google Analytics, einen Webanalysedienst der Google Inc. (www.google.de). Google (Universal) Analytics verwendet Methoden, die eine Analyse der Benutzung der Website durch Sie erm\u00f6glichen, wie zum Beispiel sog. &#8222;Cookies&#8220;, Textdateien, die auf Ihrem Computer gespeichert werden. Die erzeugten Informationen \u00fcber Ihre Benutzung dieser Website werden in der Regel an einen Server von Google in den USA \u00fcbertragen und dort gespeichert. Durch die Aktivierung der IP-Anonymisierung auf dieser Webseite wird dabei die IP-Adresse vor der \u00fcbermittlung innerhalb der Mitgliedstaaten der Europ\u00e4ischen Union oder in anderen Vertragsstaaten des Abkommens \u00fcber den Europ\u00e4ischen Wirtschaftsraum gek\u00fcrzt. Nur in Ausnahmef\u00e4llen wird die volle IP-Adresse an einen Server von Google in den USA \u00fcbertragen und dort gek\u00fcrzt. Die im Rahmen von Google Analytics von Ihrem Browser \u00fcbermittelte anonymisierte IP-Adresse wird nicht mit anderen Daten von Google zusammengef\u00fchrt.<\/p>\n\n\n\n<p class=\"has-small-font-size\">Sie k\u00f6nnen die Erfassung der durch das Cookie erzeugten und auf Ihre Nutzung der Website bezogenen Daten (inkl. Ihrer IP-Adresse) an Google sowie die Verarbeitung dieser Daten durch Google verhindern, indem Sie das unter dem folgenden Link verf\u00fcgbare Browser-Plugin herunterladen und installieren:&nbsp;http:\/\/tools.google.com\/dlpage\/gaoptout?hl=de<\/p>\n\n\n\n<p class=\"has-small-font-size\">Alternativ zum Browser-Plugin k\u00f6nnen Sie diesen&nbsp;Linkklicken, um die Erfassung durch Google Analytics auf dieser Website zuk\u00fcnftig zu verhindern. Dabei wird ein Opt-Out-Cookie auf Ihrem Endger\u00e4t abgelegt. L\u00f6schen Sie Ihre Cookies, m\u00fcssen Sie den Link erneut klicken.<\/p>\n\n\n\n<p class=\"has-small-font-size\"><strong>Social Media Plugins von Facebook, Google+, Twitter<\/strong><\/p>\n\n\n\n<p class=\"has-small-font-size\">Auf dieser Website werden m\u00f6glicherweise Social Media Plugins der sozialen Netzwerke Facebook, Google+ und des Mikroblogging-Dienstes Twitter verwendet. Diese Dienste werden von den Unternehmen Facebook Inc., Google Inc. und Twitter Inc. angeboten (&#8222;Anbieter&#8220;).<\/p>\n\n\n\n<p class=\"has-small-font-size\">Um den Schutz Ihrer Daten beim Besuch unserer Website zu erh\u00f6hen, sind die Plugins mittels sogenannter &#8222;2-Klick-L\u00f6sung&#8220; in die Seite eingebunden. Diese Einbindung gew\u00e4hrleistet, dass beim Aufruf einer Seite unseres Webauftritts, die solche Plugins enth\u00e4lt, noch keine Verbindung mit den Servern von Facebook, Google und Twitter hergestellt wird. Erst wenn Sie die Plugins aktivieren und damit Ihre Zustimmung zur Daten\u00fcbermittlung erteilen, stellt Ihr Browser eine direkte Verbindung zu den Servern von Google, Facebook oder Twitter her. Der Inhalt des jeweiligen Plugins wird dann vom zugeh\u00f6rigen Anbieter direkt an Ihren Browser \u00fcbermittelt und in die Seite eingebunden. Durch die Einbindung der Plugins erhalten die Anbieter die Information, dass Ihr Browser die entsprechende Seite unseres Webauftritts aufgerufen hat, auch wenn Sie kein Profil bei dem entsprechenden Anbieter besitzen oder gerade nicht eingeloggt sind. Diese Information (einschlie\u00dflich Ihrer IP-Adresse) wird von Ihrem Browser direkt an einen Server des jeweiligen Anbieters in die USA \u00fcbermittelt und dort gespeichert. Wenn Sie mit den Plugins interagieren, zum Beispiel den &#8222;Gef\u00e4llt mir&#8220;- den &#8222;+1&#8220;- oder den &#8222;Twittern&#8220;-Button bet\u00e4tigen, wird die entsprechende Information ebenfalls direkt an einen Server der Anbieter \u00fcbermittelt und dort gespeichert. Die Informationen werden au\u00dferdem in dem sozialen Netzwerk bzw. auf Ihrem Twitter-Account ver\u00f6ffentlicht und dort Ihren Kontakten angezeigt, wenn Sie den Inhalt teilen.<\/p>\n\n\n\n<p class=\"has-small-font-size\">Zweck und Umfang der Datenerhebung und die weitere Verarbeitung und Nutzung der Daten durch die Anbieter sowie Ihre diesbez\u00fcglichen Rechte und Einstellungsm\u00f6glichkeiten zum Schutz Ihrer Privatsph\u00e4re entnehmen Sie bitte den Datenschutzhinweisen der Anbieter.<\/p>\n\n\n\n<p class=\"has-small-font-size\">Facebook wird betrieben von der Facebook Inc., 1601 S. California Ave, Palo Alto, CA 94304, USA (&#8222;Facebook&#8220;). Datenschutzhinweise von Facebook:http:\/\/www.facebook.com\/policy.php<br>Google+ wird betrieben von der Google Inc., 1600 Amphitheatre Parkway, Mountain View, CA 94043, USA (&#8222;Google&#8220;). Datenschutzhinweise von Google:&nbsp;http:\/\/www.google.com\/intl\/de\/+\/policy\/+1button.html<br>Twitter wird betrieben von der Twitter Inc., 1355 Market St, Suite 900, San Francisco, CA 94103. Datenschutzhinweise von Twitter:&nbsp;https:\/\/twitter.com\/privacy<\/p>\n\n\n\n<p class=\"has-small-font-size\"><strong>Auskunftsrecht und Kontaktm\u00f6glichkeit&nbsp;<\/strong><\/p>\n\n\n\n<p class=\"has-small-font-size\">Sie haben ein Recht auf unentgeltliche Auskunft \u00fcber die bei uns zu Ihrer Person gespeicherten Daten sowie ggf. ein Recht auf Berichtigung, Sperrung oder Anonymisierung dieser Daten. Bei Fragen zur Erhebung, Verarbeitung oder Nutzung Ihrer personenbezogenen Daten, bei Ausk\u00fcnften, Berichtigung, Sperrung oder Anonymisierung von Daten sowie Widerruf erteilter Einwilligungen oder Widerspruch gegen eine bestimmte Datenverwendung wenden Sie sich bitte direkt an uns \u00fcber die Kontaktdaten in unserem Impressum<\/p>\n\n\n\n<p class=\"has-small-font-size\">Kontakt:<br>Lucia Klatil<br>Mohsgasse 3\/23<br>1030 Wien<br>Tel: +43 664 2462144<br>Email: lucia[at]klatilat<\/p>\n\n\n\n<p class=\"has-small-font-size\"><a href=\"javascript:history.back()\">zur\u00fcck<\/a> oder <a href=\"https:\/\/lucia.klatil.at\"><em>zur Startseite<\/em><\/a><\/p>\n","protected":false},"excerpt":{"rendered":"<p>zur\u00fcck oder zur Startseite Dieser Webauftritt verwendet Cookies. Mit der Verwendung der Website, stimmen Sie der Verwendung und Speicherung von Cookies zu. N\u00e4here Informationen dazu und zu Ihren Rechten als Benutzer finden Sie mit einem Klick auf &#8222;Datenschutzerkl\u00e4rung&#8220; ein St\u00fcck weiter unten. Gegebenenfalls vorhandene Links zu externen Webauftritten, k\u00f6nnen m\u00f6glicherweise ebenfalls Cookies verwenden und speichern, &hellip; <\/p>\n<p class=\"link-more\"><a href=\"https:\/\/lucia.klatil.at\/?page_id=3\" class=\"more-link\"><span class=\"screen-reader-text\">\u201eDatenschutz\u201c <\/span>weiterlesen<\/a><\/p>\n","protected":false},"author":1,"featured_media":0,"parent":0,"menu_order":0,"comment_status":"closed","ping_status":"open","template":"","meta":{"footnotes":""},"class_list":["post-3","page","type-page","status-publish","hentry"],"post_mailing_queue_ids":[],"_links":{"self":[{"href":"https:\/\/lucia.klatil.at\/index.php?rest_route=\/wp\/v2\/pages\/3","targetHints":{"allow":["GET"]}}],"collection":[{"href":"https:\/\/lucia.klatil.at\/index.php?rest_route=\/wp\/v2\/pages"}],"about":[{"href":"https:\/\/lucia.klatil.at\/index.php?rest_route=\/wp\/v2\/types\/page"}],"author":[{"embeddable":true,"href":"https:\/\/lucia.klatil.at\/index.php?rest_route=\/wp\/v2\/users\/1"}],"replies":[{"embeddable":true,"href":"https:\/\/lucia.klatil.at\/index.php?rest_route=%2Fwp%2Fv2%2Fcomments&post=3"}],"version-history":[{"count":12,"href":"https:\/\/lucia.klatil.at\/index.php?rest_route=\/wp\/v2\/pages\/3\/revisions"}],"predecessor-version":[{"id":245,"href":"https:\/\/lucia.klatil.at\/index.php?rest_route=\/wp\/v2\/pages\/3\/revisions\/245"}],"wp:attachment":[{"href":"https:\/\/lucia.klatil.at\/index.php?rest_route=%2Fwp%2Fv2%2Fmedia&parent=3"}],"curies":[{"name":"wp","href":"https:\/\/api.w.org\/{rel}","templated":true}]}}